{"id":558,"date":"2026-02-04T14:17:52","date_gmt":"2026-02-04T14:17:52","guid":{"rendered":"https:\/\/xodus1.wpenginepowered.com\/?page_id=558"},"modified":"2026-02-05T13:36:33","modified_gmt":"2026-02-05T18:36:33","slug":"privacy-policy","status":"publish","type":"page","link":"https:\/\/xodus.ca\/fr\/privacy-policy\/","title":{"rendered":"Politique de confidentialit\u00e9"},"content":{"rendered":"<div data-elementor-type=\"wp-page\" data-elementor-id=\"558\" class=\"elementor elementor-558\" data-elementor-post-type=\"page\">\n\t\t\t\t<div class=\"elementor-element elementor-element-ae3f9a7 e-flex e-con-boxed e-con e-parent\" data-id=\"ae3f9a7\" data-element_type=\"container\" data-e-type=\"container\">\n\t\t\t\t\t<div class=\"e-con-inner\">\n\t\t<div class=\"elementor-element elementor-element-b14e285 e-con-full e-flex e-con e-child\" data-id=\"b14e285\" data-element_type=\"container\" data-e-type=\"container\">\n\t\t\t\t<div class=\"elementor-element elementor-element-db3a384 elementor-widget elementor-widget-text-editor\" data-id=\"db3a384\" data-element_type=\"widget\" data-e-type=\"widget\" data-widget_type=\"text-editor.default\">\n\t\t\t\t<div class=\"elementor-widget-container\">\n\t\t\t\t\t\t\t\t\t<h1 class=\"p1\">Politique sur la protection de la vie priv\u00e9e<\/h1>\n<p><!-- \/wp:paragraph --><\/p>\t\t\t\t\t\t\t\t<\/div>\n\t\t\t\t<\/div>\n\t\t\t\t<div class=\"elementor-element elementor-element-8c7585c elementor-widget elementor-widget-text-editor\" data-id=\"8c7585c\" data-element_type=\"widget\" data-e-type=\"widget\" data-widget_type=\"text-editor.default\">\n\t\t\t\t<div class=\"elementor-widget-container\">\n\t\t\t\t\t\t\t\t\t<p>La pr\u00e9sente politique sur la protection de la vie priv\u00e9e d\u00e9crit la fa\u00e7on dont Xodus Travel Services Inc. (\u00ab Services de voyage Xodus \u00bb, \u00ab Xodus \u00bb) g\u00e8re la collecte, l\u2019utilisation, la conservation et la communication des renseignements de ses clients.\nL\u2019entreprise s\u2019engage \u00e0 prot\u00e9ger vos renseignements personnels et adh\u00e8re aux normes les plus strictes en mati\u00e8re de protection de la vie priv\u00e9e, conform\u00e9ment aux dix principes \u00e9nonc\u00e9s dans la Loi sur la protection des renseignements personnels et les documents \u00e9lectroniques (\u00ab LPRPDE \u00bb) : Responsabilit\u00e9, D\u00e9termination des fins de la collecte des renseignements, Consentement, Limitation de la collecte, Limitation de l\u2019utilisation, de la communication et de la conservation, Exactitude, Mesures de s\u00e9curit\u00e9, Transparence, Acc\u00e8s aux renseignements personnels, Possibilit\u00e9 de porter plainte \u00e0 l\u2019\u00e9gard du non-respect des principes. Ces principes orientent nos pratiques et refl\u00e8tent notre engagement \u00e0 prot\u00e9ger votre vie priv\u00e9e comme le pr\u00e9voient les lois et r\u00e8glements \u00e9dict\u00e9s par le Canada en la mati\u00e8re, notamment la loi 25 du Qu\u00e9bec.<\/p><p><b><\/b><b>Renseignements recueillis<\/b><\/p><p>Nous recueillons les types de renseignements suivants afin de vous offrir le meilleur service possible :<\/p><ul><li><b>Renseignements personnels :<\/b> comprennent notamment votre nom, votre date de naissance et vos coordonn\u00e9es (adresse, num\u00e9ro de t\u00e9l\u00e9phone et adresse \u00e9lectronique);<\/li><li><b>Donn\u00e9es d\u2019assurance :<\/b> renseignements concernant votre police d\u2019assurance, notamment le num\u00e9ro de police, les d\u00e9tails de la garantie et l\u2019historique des r\u00e9clamations;<\/li><li><b>Renseignements sur la sant\u00e9 :<\/b> renseignements m\u00e9dicaux dont nous avons besoin pour vous proposer une soumission, vous offrir de l\u2019assistance en cas d\u2019urgence (recueillis au besoin seulement, avec votre consentement explicite, lequel peut \u00eatre obtenu verbalement, \u00e9lectroniquement ou par \u00e9crit), et traiter vos r\u00e9clamations.<\/li><li><b>Renseignements relatifs aux paiements :<\/b> enseignements bancaires n\u00e9cessaires au traitement des paiements. Ces renseignements sont recueillis par nos fournisseurs de services qui adh\u00e8rent aux normes de s\u00e9curit\u00e9 sur les donn\u00e9es de l\u2019industrie des cartes de paiement. Nous ne conservons pas ces renseignements, notamment ceux relatifs \u00e0 vos cartes de cr\u00e9dit et \u00e0 vos comptes bancaires, dans nos syst\u00e8mes;<\/li><li><b>D\u00e9tails des voyages :<\/b> renseignements concernant vos projets de voyage, notamment la destination et les dates du voyage;<\/li><li><b>Donn\u00e9es techniques :<\/b> renseignements sur la fa\u00e7on dont vous interagissez avec nos sites Web ou nos applications mobiles, p. ex. type d\u2019appareil, version du navigateur, syst\u00e8me d\u2019exploitation et habitudes d\u2019utilisation;<\/li><li><b>Dossiers de communication :<\/b> copies des communications que vous \u00e9changez avec nous, p. ex. courriels, appels t\u00e9l\u00e9phoniques et messages instantan\u00e9s.<\/li><\/ul><p><b><br \/>Raisons de la collecte<\/b><\/p><p>Nous recueillons vos renseignements personnels pour nous assurer de vous offrir un service exceptionnel et de remplir nos obligations. Plus pr\u00e9cis\u00e9ment, nous recueillons vos renseignements aux fins suivantes :<\/p><ul><li><b>Fournir des services essentiels :<\/b> vous offrir une assurance voyage, traiter rigoureusement vos r\u00e9clamations et vous offrir une assistance rapide en cas de besoin;<\/li><li><b>Am\u00e9liorer votre exp\u00e9rience :<\/b> adapter nos services en fonction de vos pr\u00e9f\u00e9rences et faire en sorte que vos interactions avec nous soient plus personnalis\u00e9es et plus efficaces;<\/li><li><b>Assurer la conformit\u00e9 sur les plans juridique et op\u00e9rationnel :<\/b> respecter les exigences r\u00e9glementaires et maintenir des activit\u00e9s harmonieuses et s\u00e9curitaires;<\/li><li><b>Apporter des am\u00e9liorations :<\/b> utiliser vos commentaires et vos donn\u00e9es d\u2019utilisation pour mettre au point nos produits, nos services et nos processus, en nous assurant qu\u2019ils r\u00e9pondent \u00e0 vos besoins en constante \u00e9volution;<\/li><li><b>Vous tenir inform\u00e9 :<\/b> vous fournir en temps opportun des mises \u00e0 jour sur votre police et l\u2019\u00e9tat de vos r\u00e9clamations, ainsi que d\u2019autres renseignements pertinents concernant votre assurance et les services d\u2019assistance.<\/li><\/ul><p><b><br \/>M\u00e9thodes de collecte<\/b><\/p><p>Nous recueillons vos renseignements personnels :<\/p><ul><li>directement aupr\u00e8s de vous lors de vos \u00e9changes avec nous par t\u00e9l\u00e9phone, par courriel ou par messagerie instantan\u00e9e;<\/li><li>par voie \u00e9lectronique aupr\u00e8s de nos partenaires en assurance ou lorsque vous visitez nos sites Web ou utilisez nos applications mobiles;<\/li><li>au moyen de \u00ab t\u00e9moins \u00bb transmis lors de l\u2019utilisation de nos services dans le but d\u2019am\u00e9liorer l\u2019exp\u00e9rience utilisateur. Le navigateur Web des utilisateurs installe des t\u00e9moins sur leur disque dur \u00e0 des fins de documentation et parfois de suivi des renseignements les concernant. Les utilisateurs peuvent configurer leur navigateur Web pour qu\u2019il refuse ces t\u00e9moins ou leur signale leur pr\u00e9sence. Toutefois, refuser ces t\u00e9moins risque de nuire au bon fonctionnement du site. Pour en savoir plus, consultez notre politique relative aux t\u00e9moins.<\/li><\/ul><p><b><br \/>Dur\u00e9e de conservation de vos renseignements personnels<\/b><b><\/b><\/p><p>Nous conservons vos renseignements personnels uniquement pendant la p\u00e9riode n\u00e9cessaire pour atteindre les objectifs d\u00e9crits dans la pr\u00e9sente politique. Par la suite, les donn\u00e9es sont d\u00e9truites de mani\u00e8re s\u00e9curitaire ou anonymis\u00e9es, conform\u00e9ment \u00e0 la Loi 25 et \u00e0 nos politiques internes.<\/p><p><b>Utilisation des renseignements<\/b><\/p><p>Nous recueillons et utilisons vos renseignements personnels pour nous assurer de vous offrir un service de qualit\u00e9 sup\u00e9rieure et de r\u00e9pondre \u00e0 vos attentes. Nous les utilisons notamment aux fins suivantes :<\/p><ul><li><b>V\u00e9rifier votre identit\u00e9 :<\/b> confirmer votre identit\u00e9 nous aide \u00e0 d\u00e9terminer si vous \u00eates admissible \u00e0 nos produits d\u2019assurance et \u00e0 assurer la s\u00e9curit\u00e9 de votre compte et de vos r\u00e9clamations;<\/li><li><b>Traiter efficacement les r\u00e9clamations :<\/b> il est essentiel que nous traitions vos r\u00e9clamations avec rigueur et c\u00e9l\u00e9rit\u00e9 pour vous fournir l\u2019aide n\u00e9cessaire au moment o\u00f9 vous en avez le plus besoin;<\/li><li><b>Fournir une assistance en cas d\u2019urgence :<\/b> nous utilisons vos renseignements pour vous fournir au besoin une assistance en temps r\u00e9el et nous assurer que vous recevez l\u2019aide n\u00e9cessaire en cas d\u2019urgence;<\/li><li><b>Am\u00e9liorer nos services :<\/b> nous analysons les donn\u00e9es d\u2019utilisation et les commentaires recueillis afin d\u2019am\u00e9liorer nos offres et de nous assurer qu\u2019elles r\u00e9pondent \u00e0 vos besoins et \u00e0 vos attentes;<\/li><li><b>Effectuer des recherches et compiler des statistiques :<\/b> les donn\u00e9es anonymes nous aident \u00e0 d\u00e9gager les tendances, \u00e0 am\u00e9liorer nos produits et \u00e0 contribuer \u00e0 l\u2019avanc\u00e9e du secteur sans compromettre votre vie priv\u00e9e;<\/li><li><b>Respecter nos obligations contractuelles :<\/b> vos renseignements nous permettent de respecter les engagements \u00e9nonc\u00e9s dans votre contrat d\u2019assurance et de vous fournir les services que vous avez souscrits;<\/li><li><b>Personnaliser votre exp\u00e9rience :<\/b> comprendre vos pr\u00e9f\u00e9rences nous permet de vous proposer des communications, une exp\u00e9rience et des recommandations adapt\u00e9es qui ajoutent de la valeur \u00e0 votre relation avec nous.<\/li><\/ul><p><b><br \/>Communication des renseignements personnels<\/b><\/p><p>Nous ne vendons pas et ne louons pas \u00e0 des tiers les renseignements d\u2019identification personnels de nos clients ni ne les \u00e9changeons avec d\u2019autres.<br \/>Nous pouvons communiquer \u00e0 nos partenaires commerciaux ainsi qu\u2019\u00e0 nos partenaires de confiance des donn\u00e9es d\u00e9mographiques g\u00e9n\u00e9riques agr\u00e9g\u00e9es qui ne sont pas li\u00e9es \u00e0 des renseignements d\u2019identification personnels au sujet des visiteurs et des utilisateurs.<br \/>Nous communiquons des renseignements d\u2019identification personnels ainsi que des renseignements personnels sur la sant\u00e9 \u00e0 nos partenaires en assurance uniquement lorsque la situation l\u2019exige pour traiter les r\u00e9clamations, v\u00e9rifier la couverture, respecter les exigences l\u00e9gales et r\u00e9glementaires, pr\u00e9venir la fraude, coordonner les prestations et garantir l\u2019exactitude des rapports.<br \/>Au besoin, nous partageons des renseignements personnels identifiables ainsi que des renseignements personnels sur la sant\u00e9 avec un fournisseur de services de confiance, uniquement dans le but de vous offrir les service requis. Pour obtenir la liste des fournisseurs de services, veuillez en faire la demande par courriel \u00e0 privacy@xodus.ca.<\/p><p><span style=\"font-weight: bold;\">R\u00e9sidence des donn\u00e9es<\/span><b><\/b><\/p><p>Nous conservons et traitons vos renseignements personnels au Canada. S\u2019il devient n\u00e9cessaire de transf\u00e9rer vos renseignements personnels \u00e0 l\u2019ext\u00e9rieur du Canada, nous ne le ferons qu\u2019avec des garanties appropri\u00e9es, y compris des contrats juridiques, et en conformit\u00e9 avec les lois applicables en mati\u00e8re de protection de la vie priv\u00e9e (notamment la LPRPDE et la Loi 25 du Qu\u00e9bec). Pour les r\u00e9sidents du Qu\u00e9bec, tout transfert \u00e0 l\u2019ext\u00e9rieur du Qu\u00e9bec sera pr\u00e9c\u00e9d\u00e9 d\u2019une \u00c9valuation des facteurs relatifs \u00e0 la vie priv\u00e9e (\u00c9FVP).<\/p><p><b>Utilisation des donn\u00e9es \u00e0 des fins de test et d\u2019\u00e9valuation<\/b><\/p><p><span style=\"font-weight: 400;\">De temps \u00e0 autre, nous pouvons traiter certaines donn\u00e9es personnelles dans un environnement de test s\u00e9curis\u00e9 et isol\u00e9, uniquement dans le but d\u2019\u00e9valuer la pr\u00e9cision, la fiabilit\u00e9 et la performance de nos technologies d\u2019intelligence artificielle (IA).<\/span><\/p><p><span style=\"font-weight: 400;\">Lorsqu\u2019elles sont utilis\u00e9es \u00e0 cette fin :<\/span><\/p><ul><li style=\"font-weight: 400;\" aria-level=\"1\"><span style=\"font-weight: 400;\">Aucun entra\u00eenement de l\u2019IA \u2013 Les donn\u00e9es ne sont pas utilis\u00e9es pour entra\u00eener ou d\u00e9velopper davantage le mod\u00e8le d\u2019IA en dehors du sc\u00e9nario de test sp\u00e9cifique.<\/span><\/li><li style=\"font-weight: 400;\" aria-level=\"1\"><span style=\"font-weight: 400;\">Minimisation des donn\u00e9es \u2013 Seule la quantit\u00e9 minimale de donn\u00e9es personnelles n\u00e9cessaire pour r\u00e9aliser le test sera utilis\u00e9e.<\/span><\/li><li style=\"font-weight: 400;\" aria-level=\"1\"><span style=\"font-weight: 400;\">Contr\u00f4les de s\u00e9curit\u00e9 \u2013 L\u2019environnement de test est soumis aux m\u00eames mesures techniques et organisationnelles de protection que notre environnement de production.<\/span><\/li><li style=\"font-weight: 400;\" aria-level=\"1\"><span style=\"font-weight: 400;\">Conservation temporaire \u2013 Toutes les donn\u00e9es personnelles pr\u00e9sentes dans l\u2019environnement de test seront supprim\u00e9es de fa\u00e7on s\u00e9curis\u00e9e ou rendues anonymes de mani\u00e8re irr\u00e9versible une fois le test termin\u00e9.<\/span><\/li><li style=\"font-weight: 400;\" aria-level=\"1\"><span style=\"font-weight: 400;\">Base l\u00e9gale \u2013 Cette utilisation sera effectu\u00e9e conform\u00e9ment \u00e0 une base l\u00e9gale appropri\u00e9e telle que permise par les lois et r\u00e8glements applicables en mati\u00e8re de protection de la vie priv\u00e9e.<\/span><\/li><\/ul><p>Nous n\u2019utiliserons pas les donn\u00e9es personnelles \u00e0 des fins de test d\u2019une mani\u00e8re incompatible avec les objectifs pour lesquels elles ont \u00e9t\u00e9 initialement recueillies, et les tests seront toujours r\u00e9alis\u00e9s en conformit\u00e9 avec les lois applicables en mati\u00e8re de protection des donn\u00e9es.<\/p><p><b>Protection des renseignements<\/b><\/p><p>Nous prenons la s\u00e9curit\u00e9 tr\u00e8s au s\u00e9rieux. Nous adoptons des pratiques appropri\u00e9es en mati\u00e8re de collecte, de stockage et de traitement des donn\u00e9es et appliquons des mesures de s\u00e9curit\u00e9 pour nous prot\u00e9ger contre la consultation, la modification, la divulgation ou la destruction non autoris\u00e9e de vos renseignements et des donn\u00e9es que nous stockons. Nous avons notamment mis en place les mesures suivantes pour prot\u00e9ger vos donn\u00e9es :<\/p><ul><li><b>Chiffrement :<\/b> nous utilisons des m\u00e9thodes s\u00e9curis\u00e9es pour prot\u00e9ger vos donn\u00e9es lors de leur stockage ou de leur transmission;<\/li><li><b>Contr\u00f4le d\u2019acc\u00e8s :<\/b> seules les personnes autoris\u00e9es ont acc\u00e8s \u00e0 vos renseignements;<\/li><li><b>Surveillance :<\/b> nous surveillons en permanence nos syst\u00e8mes pour d\u00e9tecter et corriger les probl\u00e8mes;<\/li><li><b>V\u00e9rifications :<\/b> nous nous assurons r\u00e9guli\u00e8rement que nous respectons les r\u00e8gles applicables en mati\u00e8re de s\u00e9curit\u00e9 et de protection de la vie priv\u00e9e;<\/li><li><b>Formation des employ\u00e9s :<\/b> nos employ\u00e9s ont \u00e9t\u00e9 form\u00e9s pour traiter avec soin vos renseignements;<\/li><li><b>Plan d\u2019intervention en cas d\u2019incident :<\/b> nous interviendrons rapidement en cas d\u2019une violation de donn\u00e9es, et nous veillerons \u00e0 vous en informer et \u00e0 pr\u00e9venir les autorit\u00e9s.<\/li><li><b>\u00c9valuations des facteurs relatifs \u00e0 la vie priv\u00e9e :<\/b> Avant de lancer tout projet impliquant l\u2019acquisition, le d\u00e9veloppement ou la refonte de syst\u00e8mes traitant des renseignements personnels, nous r\u00e9alisons une \u00e9valuation des facteurs relatifs \u00e0 la vie priv\u00e9e conform\u00e9ment \u00e0 la Loi 25 du Qu\u00e9bec.<\/li><\/ul><p>En outre, nos partenaires en assurance et nos partenaires de confiance sont tenus de se conformer aux m\u00eames normes r\u00e9glementaires et aux m\u00eames lois strictes sur la protection de la vie priv\u00e9e que celles auxquelles nous adh\u00e9rons.<\/p><p><b>Consentement non requis<\/b><\/p><p>Nous pouvons parfois utiliser vos renseignements \u00e0 certaines fins, dont les suivantes, sans obtenir au pr\u00e9alable votre consentement explicite :<\/p><ul><li><b>Ex\u00e9cution d\u2019un contrat :<\/b> lorsque les renseignements sont n\u00e9cessaires pour offrir votre assurance ou traiter une r\u00e9clamation;<\/li><li><b>Recherches ou statistiques :<\/b> lorsque les renseignements sont anonymes et ne permettent pas de vous identifier;<\/li><li><b>Motifs d\u2019ordre juridique :<\/b> lorsque vos donn\u00e9es doivent \u00eatre communiqu\u00e9es \u00e0 notre \u00e9quipe juridique pour d\u00e9fendre vos droits.<\/li><\/ul><p><b><br \/>Vos droits<\/b><\/p><p>Nous respectons vos droits et sommes l\u00e0 pour vous aider :<\/p><ul><li><b>Consultation et mise \u00e0 jour de vos renseignements :<\/b> vous pouvez demander \u00e0 consulter les renseignements que nous d\u00e9tenons \u00e0 votre sujet et demander que des modifications y soient apport\u00e9es, au besoin;<\/li><li><b>Suppression de vos renseignements :<\/b> nous supprimerons vos renseignements, si vous nous en faites la demande, sauf si nous sommes tenus de les conserver \u00e0 des fins juridiques ou commerciales l\u00e9gitimes. Nous vous informerons des cons\u00e9quences de cette suppression et vous indiquerons les renseignements que nous sommes tenus de conserver, ainsi que la dur\u00e9e et les motifs de la conservation;<\/li><\/ul><ul><li><b>Transparence sur la prise de d\u00e9cision automatis\u00e9e :<\/b> Si une d\u00e9cision a \u00e9t\u00e9 prise\u00a0<b>uniquement au moyen d\u2019un traitement automatis\u00e9<\/b>, vous avez le droit de demander qu\u2019elle soit r\u00e9vis\u00e9e par une personne humaine.<\/li><\/ul><ul><li><b>Contestation des d\u00e9cisions automatis\u00e9es :<\/b> vous pouvez demander qu\u2019une d\u00e9cision rendue \u00e0 l\u2019issue d\u2019un\u00a0<b>processus num\u00e9rique enti\u00e8rement automatis\u00e9<\/b>soit r\u00e9vis\u00e9e par une vraie personne.<\/li><\/ul><p><b><br \/>Modification de la pr\u00e9sente politique sur la protection de la vie priv\u00e9e<\/b><\/p><p>Xodus se r\u00e9serve le droit de mettre \u00e0 jour \u00e0 tout moment la pr\u00e9sente politique sur la protection de la vie priv\u00e9e dans le but de se conformer aux changements apport\u00e9s aux lois et r\u00e8glements pertinents ou pour toute autre raison l\u00e9gitime.  Si cette politique de confidentialit\u00e9 fait l\u2019objet de modifications importantes, nous prendrons des mesures raisonnables pour vous en informer, notamment en affichant une copie de la version r\u00e9vis\u00e9e sur notre site Web \u00e0 l\u2019adresse https:\/\/xodus.ca\/fr\/privacy-policy\/ . Par cons\u00e9quent, nous vous recommandons de visiter p\u00e9riodiquement notre site Web afin de prendre connaissance des mises \u00e0 jour apport\u00e9es \u00e0 cette politique de confidentialit\u00e9.<\/p><p><b>Acceptation des pr\u00e9sentes modalit\u00e9s<\/b><\/p><p><span style=\"font-weight: 400;\">Vous devrez donner votre consentement avant d\u2019utiliser nos services en ligne. En cas de refus, vous ne serez pas autoris\u00e9 \u00e0 y acc\u00e9der. En ce qui concerne nos services en ligne plus particuli\u00e8rement, le fait que vous continuiez \u00e0 les utiliser signifie que vous consentez \u00e0 ce que nous stockions et utilisions vos renseignements de la mani\u00e8re pr\u00e9vue dans la pr\u00e9sente politique.<\/span><\/p><p><b>Nous joindre<\/b><\/p><p>Nous sommes l\u00e0 pour vous aider \u00e0 diff\u00e9rents \u00e9gards :<\/p><ul><li>demandes de consultation, de mise \u00e0 jour ou de suppression de vos renseignements personnels;<\/li><li>questions au sujet de la fa\u00e7on dont vos donn\u00e9es sont recueillies, utilis\u00e9es ou communiqu\u00e9es;<\/li><li>pr\u00e9occupations concernant notre conformit\u00e9 \u00e0 la LPRPDE, \u00e0 la loi 25 du Qu\u00e9bec ou aux autres lois et r\u00e8glements du Canada en mati\u00e8re de protection de la vie priv\u00e9e.<\/li><\/ul><p>Si vous avez des questions, des pr\u00e9occupations ou des demandes en ce qui concerne la pr\u00e9sente politique sur la protection de la vie priv\u00e9e ou la fa\u00e7on dont nous traitons vos renseignements personnels, communiquez avec les responsables de la protection de la vie priv\u00e9e :<br \/>\ud83d\udce7 Email: privacy@xodus.ca<br \/>\ud83d\udcde Phone: 1 866-424-0825<br \/>\ud83d\udccd Mailing Address: 200-3215 Electricity Drive, Windsor ON N8W 5J1<\/p><p>Si vous estimez que votre probl\u00e8me n\u2019est toujours pas r\u00e9solu apr\u00e8s avoir communiqu\u00e9 avec nous, vous pouvez faire appel \u00e0 l\u2019autorit\u00e9 comp\u00e9tente en mati\u00e8re de protection de la vie priv\u00e9e :<\/p><p>Pour les r\u00e9sidents du Qu\u00e9bec :<br \/>Commission d\u2019acc\u00e8s \u00e0 l\u2019information du Qu\u00e9bec (CAI)<br \/>\ud83d\udccd Address: 2045 Stanley Street, Suite 900, Montr\u00e9al, QC H3A 2V4<br \/>\ud83d\udcde Phone: 1-888-528-7741<br \/>\ud83c\udf10 Website: <a href=\"http:\/\/www.cai.gouv.qc.ca\" target=\"_blank\" rel=\"noopener\">www.cai.gouv.qc.ca<\/a><\/p><p>Pour les questions relatives \u00e0 la protection de la vie priv\u00e9e qui rel\u00e8vent de la comp\u00e9tence f\u00e9d\u00e9rale (LPRPDE) :<br \/>Commissariat \u00e0 la protection de la vie priv\u00e9e du Canada<br \/>\ud83d\udccd Address: 30 Victoria Street, Gatineau, QC K1A 1H3<br \/>\ud83d\udcde Phone: 1-800-282-1376<br \/>\ud83c\udf10 Website: <a href=\"http:\/\/www.priv.gc.ca\" target=\"_blank\" rel=\"noopener\">www.priv.gc.ca<\/a><\/p><p><b>Derni\u00e8re mise \u00e0 jour :<\/b> Septembre 2025<\/p>\t\t\t\t\t\t\t\t<\/div>\n\t\t\t\t<\/div>\n\t\t\t\t<\/div>\n\t\t\t\t\t<\/div>\n\t\t\t\t<\/div>\n\t\t\t\t<\/div>","protected":false},"excerpt":{"rendered":"<p>OUR PRIVACY POLICY This Privacy Policy outlines how Xodus Travel Services Inc. (\u201cXodus\u201d or \u201cwe\u201d), manages the collection, use, maintenance, and disclosure of information from our customers. Xodus is committed to safeguarding your personal information and adheres to the highest standards of privacy protection, embodying the ten principles of the Personal Information Protection and Electronic [&hellip;]<\/p>\n","protected":false},"author":1,"featured_media":578,"parent":0,"menu_order":0,"comment_status":"closed","ping_status":"closed","template":"elementor_header_footer","meta":{"_acf_changed":false,"footnotes":""},"class_list":["post-558","page","type-page","status-publish","has-post-thumbnail","hentry"],"acf":[],"aioseo_notices":[],"_links":{"self":[{"href":"https:\/\/xodus.ca\/fr\/wp-json\/wp\/v2\/pages\/558","targetHints":{"allow":["GET"]}}],"collection":[{"href":"https:\/\/xodus.ca\/fr\/wp-json\/wp\/v2\/pages"}],"about":[{"href":"https:\/\/xodus.ca\/fr\/wp-json\/wp\/v2\/types\/page"}],"author":[{"embeddable":true,"href":"https:\/\/xodus.ca\/fr\/wp-json\/wp\/v2\/users\/1"}],"replies":[{"embeddable":true,"href":"https:\/\/xodus.ca\/fr\/wp-json\/wp\/v2\/comments?post=558"}],"version-history":[{"count":0,"href":"https:\/\/xodus.ca\/fr\/wp-json\/wp\/v2\/pages\/558\/revisions"}],"wp:featuredmedia":[{"embeddable":true,"href":"https:\/\/xodus.ca\/fr\/wp-json\/wp\/v2\/media\/578"}],"wp:attachment":[{"href":"https:\/\/xodus.ca\/fr\/wp-json\/wp\/v2\/media?parent=558"}],"curies":[{"name":"wp","href":"https:\/\/api.w.org\/{rel}","templated":true}]}}