{"id":557,"date":"2026-02-04T14:09:17","date_gmt":"2026-02-04T14:09:17","guid":{"rendered":"https:\/\/xodus1.wpenginepowered.com\/?page_id=557"},"modified":"2026-02-05T13:37:26","modified_gmt":"2026-02-05T18:37:26","slug":"terms-and-conditions","status":"publish","type":"page","link":"https:\/\/xodus.ca\/fr\/terms-and-conditions\/","title":{"rendered":"Conditions G\u00e9n\u00e9rales"},"content":{"rendered":"<div data-elementor-type=\"wp-page\" data-elementor-id=\"557\" class=\"elementor elementor-557\" data-elementor-post-type=\"page\">\n\t\t\t\t<div class=\"elementor-element elementor-element-f37bf49 e-flex e-con-boxed e-con e-parent\" data-id=\"f37bf49\" data-element_type=\"container\" data-e-type=\"container\">\n\t\t\t\t\t<div class=\"e-con-inner\">\n\t\t<div class=\"elementor-element elementor-element-7d75d06 e-con-full e-flex e-con e-child\" data-id=\"7d75d06\" data-element_type=\"container\" data-e-type=\"container\">\n\t\t\t\t<div class=\"elementor-element elementor-element-6d9cc1c elementor-widget elementor-widget-text-editor\" data-id=\"6d9cc1c\" data-element_type=\"widget\" data-e-type=\"widget\" data-widget_type=\"text-editor.default\">\n\t\t\t\t<div class=\"elementor-widget-container\">\n\t\t\t\t\t\t\t\t\t<p><span style=\"color: #000000;\"><\/span><\/p>\n<h1 class=\"wp-block-heading\">Conditions G\u00e9n\u00e9rales<\/h1>\n<p><span style=\"color: #000000;\"><b>Conditions g\u00e9n\u00e9rales relatives \u00e0 l\u2019utilisation du site<\/b><\/span><\/p>\n<p><span style=\"color: #000000;\"><span style=\"font-weight: 400;\">Veuillez lire attentivement les pr\u00e9sentes conditions g\u00e9n\u00e9rales avant d\u2019utiliser le site web de <\/span><b>Services de voyage Xodus<\/b><span style=\"font-weight: 400;\"> (le \u00ab site web \u00bb). En acc\u00e9dant au site web ou en l\u2019utilisant, vous acceptez d\u2019\u00eatre soumis aux pr\u00e9sentes conditions g\u00e9n\u00e9rales. Si vous n\u2019acceptez pas ces conditions g\u00e9n\u00e9rales, veuillez ne pas utiliser le site web.<\/span><\/span><\/p>\n<ol>\n<li><span style=\"color: #000000;\"><b> Propri\u00e9t\u00e9 intellectuelle :<\/b><span style=\"font-weight: 400;\"> Tout le contenu du site web, notamment les textes, les graphiques, les logos, les images, les vid\u00e9os et les logiciels, est la propri\u00e9t\u00e9 de <\/span><b>Services de voyage Xodus<\/b><span style=\"font-weight: 400;\"> ou de ses conc\u00e9dants de licence et est prot\u00e9g\u00e9 par des droits d\u2019auteur et d\u2019autres lois sur la propri\u00e9t\u00e9 intellectuelle. Il est interdit de reproduire, de modifier, de distribuer, d\u2019afficher ou de transmettre ce contenu sans l\u2019autorisation \u00e9crite pr\u00e9alable de <\/span><b>Services de voyage Xodus<\/b><span style=\"font-weight: 400;\">.<\/span><\/span><\/li>\n<li><span style=\"color: #000000;\"><b> Utilisation du site web :<\/b><span style=\"font-weight: 400;\"> Vous convenez de n\u2019utiliser le site web qu\u2019\u00e0 des fins l\u00e9gales et d\u2019une mani\u00e8re qui ne porte pas atteinte \u00e0 des droits d\u2019une tierce partie, ni ne restreint ou n\u2019emp\u00eache l\u2019utilisation et la jouissance du site web par cette tierce partie. Il vous est interdit d\u2019essayer d\u2019obtenir un acc\u00e8s non autoris\u00e9 \u00e0 une partie du site web ou de vous engager dans une activit\u00e9 susceptible d\u2019endommager, de d\u00e9sactiver, de surcharger ou de nuire au fonctionnement du site web.<\/span><\/span><\/li>\n<li><span style=\"color: #000000;\"><b> Liens vers les sites web de tiers :<\/b><span style=\"font-weight: 400;\"> Le site web peut contenir des liens vers des sites web de tiers, et ce \u00e0 des fins de commodit\u00e9. Ces liens sont fournis uniquement \u00e0 titre de r\u00e9f\u00e9rence et n\u2019impliquent pas le soutien ou l\u2019approbation des sites li\u00e9s. <\/span><b>Services de voyage Xodus<\/b><span style=\"font-weight: 400;\"> n\u2019a aucun contr\u00f4le sur le contenu de ces sites et n\u2019est pas responsable de leur exactitude, de leur disponibilit\u00e9 ou de toute perte ou de tout dommage pouvant r\u00e9sulter de leur utilisation.<\/span><\/span><\/li>\n<li><span style=\"color: #000000;\"><b> Exclusion de garantie :<\/b><span style=\"font-weight: 400;\"> Le site web et son contenu sont fournis \u00ab en l\u2019\u00e9tat \u00bb et sans garantie d\u2019aucune sorte, expresse ou tacite. <\/span><b>Services de voyage Xodus<\/b><span style=\"font-weight: 400;\">&nbsp;ne fournit aucune d\u00e9claration ni garantie quant \u00e0 l\u2019exactitude, la fiabilit\u00e9, l\u2019exhaustivit\u00e9 ou l\u2019actualit\u00e9 du contenu du site web. Vous utilisez le site web \u00e0 vos propres risques.<\/span><\/span><\/li>\n<li><span style=\"color: #000000;\"><b> Limitation de la responsabilit\u00e9 :<\/b><span style=\"font-weight: 400;\"> Dans toute la mesure permise par la loi, <\/span><b>Services de voyage Xodus<\/b><span style=\"font-weight: 400;\"> ne peut \u00eatre tenue responsable des dommages directs, indirects, accessoires, sp\u00e9ciaux ou cons\u00e9cutifs d\u00e9coulant de l\u2019utilisation ou de l\u2019incapacit\u00e9 d\u2019utiliser le site web, ou li\u00e9s de quelque mani\u00e8re que ce soit \u00e0 celles-ci, m\u00eame si <\/span><b>Services de voyage Xodus<\/b><span style=\"font-weight: 400;\"> a \u00e9t\u00e9 inform\u00e9e de la possibilit\u00e9 de tels dommages.<\/span><\/span><\/li>\n<li><span style=\"color: #000000;\"><b> Exon\u00e9ration de responsabilit\u00e9 :<\/b><span style=\"font-weight: 400;\"> Vous convenez de d\u00e9gager de toute responsabilit\u00e9 <\/span><b>Services de voyage Xodus<\/b><span style=\"font-weight: 400;\">, ses dirigeants, administrateurs, employ\u00e9s, mandataires et membres de son groupe \u00e0 l\u2019\u00e9gard de toute r\u00e9clamation, responsabilit\u00e9, perte et d\u00e9pense et de tout dommage et frais (y compris les honoraires raisonnables des avocats) d\u00e9coulant de votre utilisation du site web ou de toute violation des pr\u00e9sentes modalit\u00e9s.<\/span><\/span><\/li>\n<li><span style=\"color: #000000;\"><b> Modification des conditions g\u00e9n\u00e9rales :<\/b> <b>Services de voyage Xodus<\/b><span style=\"font-weight: 400;\"> se r\u00e9serve le droit d\u2019apporter des modifications, des amendements et des changements aux pr\u00e9sentes conditions \u00e0 tout moment et sans pr\u00e9avis. Il vous revient d\u2019examiner p\u00e9riodiquement les pr\u00e9sentes conditions pour prendre connaissance de tout changement. Votre utilisation continue du site web apr\u00e8s la publication de changements signifie votre acceptation.<\/span><\/span><\/li>\n<li><span style=\"color: #000000;\"><b> Droit applicable :<\/b><span style=\"font-weight: 400;\"> Les pr\u00e9sentes conditions g\u00e9n\u00e9rales sont r\u00e9gies par les lois de l\u2019Ontario et interpr\u00e9t\u00e9es conform\u00e9ment \u00e0 celles-ci, sans \u00e9gard pour ses principes en mati\u00e8re de conflits de lois.<\/span><\/span><\/li>\n<\/ol>\n<p>Si vous avez des questions ou des pr\u00e9occupations concernant les pr\u00e9sentes conditions g\u00e9n\u00e9rales, veuillez communiquer avec nous \u00e0 l\u2019adresse suivante:<\/p>\n<p><span style=\"color: #000000;\"><b>Services de voyage Xodus&nbsp;<\/b><\/span><\/p>\n<p><span style=\"color: #000000;\">3215 Electricity Drive, 2nd Floor<\/span><br><span style=\"color: #000000;\">Windsor (Ontario) N8W 5J1<\/span><\/p>\n<p><span style=\"color: #000000;\">Courriel: contactus@xodus.ca<\/span><\/p>\n<p><span style=\"color: #000000;\">Par t\u00e9l\u00e9phone: 1--866-424-0825<\/span><\/p>\n<p><span style=\"color: #000000;\">Date d\u2019entr\u00e9e en vigueur : 1\u1d49\u02b3 d\u00e9cembre 2023<\/span><\/p>\n<p><span style=\"color: #000000;\"><\/span><\/p>\t\t\t\t\t\t\t\t<\/div>\n\t\t\t\t<\/div>\n\t\t\t\t<\/div>\n\t\t\t\t\t<\/div>\n\t\t\t\t<\/div>\n\t\t\t\t<\/div>","protected":false},"excerpt":{"rendered":"<p>Terms and Conditions Terms and Conditions for Site Use Please read these Terms and Conditions carefully before using the Xodus Travel Services Inc. website (the &#8220;Website&#8221;). By accessing or using the Website, you agree to be bound by these Terms and Conditions. If you do not agree to these Terms and Conditions, please do not [&hellip;]<\/p>\n","protected":false},"author":1,"featured_media":578,"parent":0,"menu_order":0,"comment_status":"closed","ping_status":"closed","template":"elementor_header_footer","meta":{"_acf_changed":false,"footnotes":""},"class_list":["post-557","page","type-page","status-publish","has-post-thumbnail","hentry"],"acf":[],"aioseo_notices":[],"_links":{"self":[{"href":"https:\/\/xodus.ca\/fr\/wp-json\/wp\/v2\/pages\/557","targetHints":{"allow":["GET"]}}],"collection":[{"href":"https:\/\/xodus.ca\/fr\/wp-json\/wp\/v2\/pages"}],"about":[{"href":"https:\/\/xodus.ca\/fr\/wp-json\/wp\/v2\/types\/page"}],"author":[{"embeddable":true,"href":"https:\/\/xodus.ca\/fr\/wp-json\/wp\/v2\/users\/1"}],"replies":[{"embeddable":true,"href":"https:\/\/xodus.ca\/fr\/wp-json\/wp\/v2\/comments?post=557"}],"version-history":[{"count":0,"href":"https:\/\/xodus.ca\/fr\/wp-json\/wp\/v2\/pages\/557\/revisions"}],"wp:featuredmedia":[{"embeddable":true,"href":"https:\/\/xodus.ca\/fr\/wp-json\/wp\/v2\/media\/578"}],"wp:attachment":[{"href":"https:\/\/xodus.ca\/fr\/wp-json\/wp\/v2\/media?parent=557"}],"curies":[{"name":"wp","href":"https:\/\/api.w.org\/{rel}","templated":true}]}}