{"id":414,"date":"2026-01-28T23:56:18","date_gmt":"2026-01-28T23:56:18","guid":{"rendered":"https:\/\/xodus1.wpenginepowered.com\/?page_id=414"},"modified":"2026-02-06T14:57:24","modified_gmt":"2026-02-06T19:57:24","slug":"cfs","status":"publish","type":"page","link":"https:\/\/xodus.ca\/fr\/cfs\/","title":{"rendered":"CFS &#8211; Home"},"content":{"rendered":"<div data-elementor-type=\"wp-page\" data-elementor-id=\"414\" class=\"elementor elementor-414\" data-elementor-post-type=\"page\">\n\t\t\t\t<div class=\"elementor-element elementor-element-f022abb e-flex e-con-boxed e-con e-parent\" data-id=\"f022abb\" data-element_type=\"container\" data-e-type=\"container\" data-settings=\"{&quot;background_background&quot;:&quot;classic&quot;}\">\n\t\t\t\t\t<div class=\"e-con-inner\">\n\t\t<div class=\"elementor-element elementor-element-630451d e-con-full e-flex e-con e-child\" data-id=\"630451d\" data-element_type=\"container\" data-e-type=\"container\" data-settings=\"{&quot;background_background&quot;:&quot;classic&quot;}\">\n\t\t\t\t<div class=\"elementor-element elementor-element-cc199ac elementor-widget elementor-widget-heading\" data-id=\"cc199ac\" data-element_type=\"widget\" data-e-type=\"widget\" data-widget_type=\"heading.default\">\n\t\t\t\t<div class=\"elementor-widget-container\">\n\t\t\t\t\t<h1 class=\"elementor-heading-title elementor-size-default\">Xodus transforme le paysage de l\u2019assurance voyage<\/h1>\t\t\t\t<\/div>\n\t\t\t\t<\/div>\n\t\t\t\t<div class=\"elementor-element elementor-element-9289352 rs-p-remove-bottom-margin elementor-widget elementor-widget-text-editor\" data-id=\"9289352\" data-element_type=\"widget\" data-e-type=\"widget\" data-widget_type=\"text-editor.default\">\n\t\t\t\t<div class=\"elementor-widget-container\">\n\t\t\t\t\t\t\t\t\t<p>Protection de confiance pour les voyageurs dans un monde en constante \u00e9volution.<\/p>\t\t\t\t\t\t\t\t<\/div>\n\t\t\t\t<\/div>\n\t\t<div class=\"elementor-element elementor-element-0010327 e-con-full e-flex e-con e-child\" data-id=\"0010327\" data-element_type=\"container\" data-e-type=\"container\">\n\t\t\t\t<div class=\"elementor-element elementor-element-970ccda rs-partner-button rs-utm-link elementor-align-justify elementor-widget elementor-widget-button\" data-id=\"970ccda\" data-element_type=\"widget\" data-e-type=\"widget\" data-widget_type=\"button.default\">\n\t\t\t\t<div class=\"elementor-widget-container\">\n\t\t\t\t\t\t\t\t\t<div class=\"elementor-button-wrapper\">\n\t\t\t\t\t<a class=\"elementor-button elementor-button-link elementor-size-sm\" href=\"https:\/\/xodus.ca\/fr\/cfs\/travelling-canadians\/\">\n\t\t\t\t\t\t<span class=\"elementor-button-content-wrapper\">\n\t\t\t\t\t\t<span class=\"elementor-button-icon\">\n\t\t\t\t<i aria-hidden=\"true\" class=\"fas fa-chevron-right\"><\/i>\t\t\t<\/span>\n\t\t\t\t\t\t\t\t\t<span class=\"elementor-button-text\">Voyageurs Canadiens<\/span>\n\t\t\t\t\t<\/span>\n\t\t\t\t\t<\/a>\n\t\t\t\t<\/div>\n\t\t\t\t\t\t\t\t<\/div>\n\t\t\t\t<\/div>\n\t\t\t\t<div class=\"elementor-element elementor-element-54d6128 rs-partner-button rs-utm-link elementor-align-justify elementor-widget elementor-widget-button\" data-id=\"54d6128\" data-element_type=\"widget\" data-e-type=\"widget\" data-widget_type=\"button.default\">\n\t\t\t\t<div class=\"elementor-widget-container\">\n\t\t\t\t\t\t\t\t\t<div class=\"elementor-button-wrapper\">\n\t\t\t\t\t<a class=\"elementor-button elementor-button-link elementor-size-sm\" href=\"https:\/\/xodus.ca\/fr\/cfs\/visitors-to-canada\/\">\n\t\t\t\t\t\t<span class=\"elementor-button-content-wrapper\">\n\t\t\t\t\t\t<span class=\"elementor-button-icon\">\n\t\t\t\t<i aria-hidden=\"true\" class=\"fas fa-chevron-right\"><\/i>\t\t\t<\/span>\n\t\t\t\t\t\t\t\t\t<span class=\"elementor-button-text\">Visiteurs au Canada<\/span>\n\t\t\t\t\t<\/span>\n\t\t\t\t\t<\/a>\n\t\t\t\t<\/div>\n\t\t\t\t\t\t\t\t<\/div>\n\t\t\t\t<\/div>\n\t\t\t\t<\/div>\n\t\t\t\t<\/div>\n\t\t\t\t\t<\/div>\n\t\t\t\t<\/div>\n\t\t<div class=\"elementor-element elementor-element-688e7e7 e-flex e-con-boxed e-con e-parent\" data-id=\"688e7e7\" data-element_type=\"container\" data-e-type=\"container\">\n\t\t\t\t\t<div class=\"e-con-inner\">\n\t\t\t\t<div class=\"elementor-element elementor-element-86fa257 elementor-widget elementor-widget-heading\" data-id=\"86fa257\" data-element_type=\"widget\" data-e-type=\"widget\" data-widget_type=\"heading.default\">\n\t\t\t\t<div class=\"elementor-widget-container\">\n\t\t\t\t\t<h2 class=\"elementor-heading-title elementor-size-default\">Programmes d\u2019assurance voyage et d\u2019assistance voyage de classe mondiale<\/h2>\t\t\t\t<\/div>\n\t\t\t\t<\/div>\n\t\t<div class=\"elementor-element elementor-element-f37757b e-con-full e-flex e-con e-child\" data-id=\"f37757b\" data-element_type=\"container\" data-e-type=\"container\">\n\t\t<div class=\"elementor-element elementor-element-bba2ab6 e-con-full e-flex e-con e-child\" data-id=\"bba2ab6\" data-element_type=\"container\" data-e-type=\"container\">\n\t\t<div class=\"elementor-element elementor-element-85b6078 e-con-full e-flex e-con e-child\" data-id=\"85b6078\" data-element_type=\"container\" data-e-type=\"container\">\n\t\t\t\t<div class=\"elementor-element elementor-element-9035845 rs-custom-icon elementor-widget elementor-widget-image\" data-id=\"9035845\" data-element_type=\"widget\" data-e-type=\"widget\" data-widget_type=\"image.default\">\n\t\t\t\t<div class=\"elementor-widget-container\">\n\t\t\t\t\t\t\t\t\t\t\t\t\t\t\t<img decoding=\"async\" width=\"80\" height=\"80\" src=\"https:\/\/xodus.ca\/wp-content\/uploads\/2026\/01\/landing-globeicon-1.png\" class=\"attachment-thumbnail size-thumbnail wp-image-521\" alt=\"An orange globe icon with horizontal and vertical lines, symbolizing the internet or global connectivity, on a light gray background.\" srcset=\"https:\/\/xodus.ca\/wp-content\/uploads\/2026\/01\/landing-globeicon-1.png 80w, https:\/\/xodus.ca\/wp-content\/uploads\/2026\/01\/landing-globeicon-1-12x12.png 12w\" sizes=\"(max-width: 80px) 100vw, 80px\" \/>\t\t\t\t\t\t\t\t\t\t\t\t\t\t\t<\/div>\n\t\t\t\t<\/div>\n\t\t<div class=\"elementor-element elementor-element-50a3b76 e-con-full e-flex e-con e-child\" data-id=\"50a3b76\" data-element_type=\"container\" data-e-type=\"container\">\n\t\t\t\t<div class=\"elementor-element elementor-element-eb53f0b elementor-widget elementor-widget-heading\" data-id=\"eb53f0b\" data-element_type=\"widget\" data-e-type=\"widget\" data-widget_type=\"heading.default\">\n\t\t\t\t<div class=\"elementor-widget-container\">\n\t\t\t\t\t<h3 class=\"elementor-heading-title elementor-size-default\">Voyageurs Canadiens<\/h3>\t\t\t\t<\/div>\n\t\t\t\t<\/div>\n\t\t\t\t<div class=\"elementor-element elementor-element-1c77970 rs-p-remove-bottom-margin elementor-widget elementor-widget-text-editor\" data-id=\"1c77970\" data-element_type=\"widget\" data-e-type=\"widget\" data-widget_type=\"text-editor.default\">\n\t\t\t\t<div class=\"elementor-widget-container\">\n\t\t\t\t\t\t\t\t\t<p><b>Nous vous couvrons :<\/b> les plans m\u00e9dicaux d\u2019urgence et tout compris de Xodus offrent une limite de police de 10 millions de dollars canadiens pour les frais d\u2019urgence. Les plans tout compris de Xodus offrent \u00e9galement une couverture pour les d\u00e9penses non m\u00e9dicales essentielles : annulation de voyage, interruption ou retard, correspondances manqu\u00e9es, documents perdus, bagages perdus, endommag\u00e9s ou retard\u00e9s, et plus encore.<\/p>\t\t\t\t\t\t\t\t<\/div>\n\t\t\t\t<\/div>\n\t\t\t\t<div class=\"elementor-element elementor-element-5aa35c5 rs-partner-button rs-utm-link elementor-align-left elementor-widget elementor-widget-button\" data-id=\"5aa35c5\" data-element_type=\"widget\" data-e-type=\"widget\" data-widget_type=\"button.default\">\n\t\t\t\t<div class=\"elementor-widget-container\">\n\t\t\t\t\t\t\t\t\t<div class=\"elementor-button-wrapper\">\n\t\t\t\t\t<a class=\"elementor-button elementor-button-link elementor-size-sm\" href=\"https:\/\/xodus.ca\/fr\/cfs\/travelling-canadians\/\">\n\t\t\t\t\t\t<span class=\"elementor-button-content-wrapper\">\n\t\t\t\t\t\t<span class=\"elementor-button-icon\">\n\t\t\t\t<i aria-hidden=\"true\" class=\"fas fa-chevron-right\"><\/i>\t\t\t<\/span>\n\t\t\t\t\t\t\t\t\t<span class=\"elementor-button-text\">En savoir plus<\/span>\n\t\t\t\t\t<\/span>\n\t\t\t\t\t<\/a>\n\t\t\t\t<\/div>\n\t\t\t\t\t\t\t\t<\/div>\n\t\t\t\t<\/div>\n\t\t\t\t<\/div>\n\t\t\t\t<\/div>\n\t\t\t\t<\/div>\n\t\t<div class=\"elementor-element elementor-element-f74fde7 e-con-full e-flex e-con e-child\" data-id=\"f74fde7\" data-element_type=\"container\" data-e-type=\"container\">\n\t\t<div class=\"elementor-element elementor-element-f1bae11 e-con-full e-flex e-con e-child\" data-id=\"f1bae11\" data-element_type=\"container\" data-e-type=\"container\">\n\t\t\t\t<div class=\"elementor-element elementor-element-8f87d48 rs-custom-icon elementor-widget elementor-widget-image\" data-id=\"8f87d48\" data-element_type=\"widget\" data-e-type=\"widget\" data-widget_type=\"image.default\">\n\t\t\t\t<div class=\"elementor-widget-container\">\n\t\t\t\t\t\t\t\t\t\t\t\t\t\t\t<img decoding=\"async\" width=\"80\" height=\"80\" src=\"https:\/\/xodus.ca\/wp-content\/uploads\/2026\/01\/landing-leaficon-1.png\" class=\"attachment-thumbnail size-thumbnail wp-image-520\" alt=\"An orange outline drawing of a maple leaf on a light background.\" srcset=\"https:\/\/xodus.ca\/wp-content\/uploads\/2026\/01\/landing-leaficon-1.png 80w, https:\/\/xodus.ca\/wp-content\/uploads\/2026\/01\/landing-leaficon-1-12x12.png 12w\" sizes=\"(max-width: 80px) 100vw, 80px\" \/>\t\t\t\t\t\t\t\t\t\t\t\t\t\t\t<\/div>\n\t\t\t\t<\/div>\n\t\t<div class=\"elementor-element elementor-element-47377d2 e-con-full e-flex e-con e-child\" data-id=\"47377d2\" data-element_type=\"container\" data-e-type=\"container\">\n\t\t\t\t<div class=\"elementor-element elementor-element-d6749ca elementor-widget elementor-widget-heading\" data-id=\"d6749ca\" data-element_type=\"widget\" data-e-type=\"widget\" data-widget_type=\"heading.default\">\n\t\t\t\t<div class=\"elementor-widget-container\">\n\t\t\t\t\t<h3 class=\"elementor-heading-title elementor-size-default\">Visiteurs au Canada<\/h3>\t\t\t\t<\/div>\n\t\t\t\t<\/div>\n\t\t\t\t<div class=\"elementor-element elementor-element-feb76ed rs-p-remove-bottom-margin elementor-widget elementor-widget-text-editor\" data-id=\"feb76ed\" data-element_type=\"widget\" data-e-type=\"widget\" data-widget_type=\"text-editor.default\">\n\t\t\t\t<div class=\"elementor-widget-container\">\n\t\t\t\t\t\t\t\t\t<p><strong>Nous vous couvrons :<\/strong> les plans Visiteurs au Canada de Xodus offrent une couverture jusqu\u2019\u00e0 365 jours, avec une couverture prolong\u00e9e pour les titulaires de Super Visa. Les limites de police disponibles vont jusqu\u2019\u00e0 100 000 $, 300 000 $ ou 500 000 $ CAD en fonction du plan que vous choisissez. Et avec les limites de police les plus \u00e9lev\u00e9es disponibles dans le pays, la subvention crois\u00e9e n\u2019est pas n\u00e9cessaire.<\/p>\t\t\t\t\t\t\t\t<\/div>\n\t\t\t\t<\/div>\n\t\t\t\t<div class=\"elementor-element elementor-element-642c25b rs-partner-button rs-utm-link elementor-align-left elementor-widget elementor-widget-button\" data-id=\"642c25b\" data-element_type=\"widget\" data-e-type=\"widget\" data-widget_type=\"button.default\">\n\t\t\t\t<div class=\"elementor-widget-container\">\n\t\t\t\t\t\t\t\t\t<div class=\"elementor-button-wrapper\">\n\t\t\t\t\t<a class=\"elementor-button elementor-button-link elementor-size-sm\" href=\"https:\/\/xodus.ca\/fr\/cfs\/visitors-to-canada\/\">\n\t\t\t\t\t\t<span class=\"elementor-button-content-wrapper\">\n\t\t\t\t\t\t<span class=\"elementor-button-icon\">\n\t\t\t\t<i aria-hidden=\"true\" class=\"fas fa-chevron-right\"><\/i>\t\t\t<\/span>\n\t\t\t\t\t\t\t\t\t<span class=\"elementor-button-text\">En savoir plus<\/span>\n\t\t\t\t\t<\/span>\n\t\t\t\t\t<\/a>\n\t\t\t\t<\/div>\n\t\t\t\t\t\t\t\t<\/div>\n\t\t\t\t<\/div>\n\t\t\t\t<\/div>\n\t\t\t\t<\/div>\n\t\t\t\t<\/div>\n\t\t\t\t<\/div>\n\t\t\t\t\t<\/div>\n\t\t\t\t<\/div>\n\t\t\t\t<\/div>","protected":false},"excerpt":{"rendered":"<p>Xodus is revolutionizing the travel insurance landscape. Trusted protection for travellers in an ever-changing world. Travelling Canadians Visitors to Canada World-class travel insurance and travel assistance program Travelling Canadians We&#8217;ve got you covered: Xodus emergency medical and all-inclusive plans feature a $10 million CDN policy limit for emergency expenses. Xodus all-inclusive plans also provide coverage [&hellip;]<\/p>\n","protected":false},"author":1,"featured_media":578,"parent":0,"menu_order":0,"comment_status":"closed","ping_status":"closed","template":"elementor_header_footer","meta":{"_acf_changed":false,"footnotes":""},"class_list":["post-414","page","type-page","status-publish","has-post-thumbnail","hentry"],"acf":[],"aioseo_notices":[],"_links":{"self":[{"href":"https:\/\/xodus.ca\/fr\/wp-json\/wp\/v2\/pages\/414","targetHints":{"allow":["GET"]}}],"collection":[{"href":"https:\/\/xodus.ca\/fr\/wp-json\/wp\/v2\/pages"}],"about":[{"href":"https:\/\/xodus.ca\/fr\/wp-json\/wp\/v2\/types\/page"}],"author":[{"embeddable":true,"href":"https:\/\/xodus.ca\/fr\/wp-json\/wp\/v2\/users\/1"}],"replies":[{"embeddable":true,"href":"https:\/\/xodus.ca\/fr\/wp-json\/wp\/v2\/comments?post=414"}],"version-history":[{"count":0,"href":"https:\/\/xodus.ca\/fr\/wp-json\/wp\/v2\/pages\/414\/revisions"}],"wp:featuredmedia":[{"embeddable":true,"href":"https:\/\/xodus.ca\/fr\/wp-json\/wp\/v2\/media\/578"}],"wp:attachment":[{"href":"https:\/\/xodus.ca\/fr\/wp-json\/wp\/v2\/media?parent=414"}],"curies":[{"name":"wp","href":"https:\/\/api.w.org\/{rel}","templated":true}]}}